{"id":1122,"date":"2024-09-25T15:44:56","date_gmt":"2024-09-25T20:44:56","guid":{"rendered":"https:\/\/behlen.ca\/?page_id=1122"},"modified":"2024-09-25T15:45:54","modified_gmt":"2024-09-25T20:45:54","slug":"politique-en-matiere-de-cookies","status":"publish","type":"page","link":"https:\/\/behlen.ca\/fr\/politique-en-matiere-de-cookies\/","title":{"rendered":"Politique en mati\u00e8re de cookies"},"content":{"rendered":"<h2>1. Identification de l&rsquo;utilisateur et gestion de session<\/h2>\n<ul>\n<li>Identifiants de session : <span style=\"font-weight: 400;\">Pour garder les utilisateurs connect\u00e9s sur plusieurs pages.<\/span><\/li>\n<li>Statut de connexion : Pour se souvenir si un utilisateur est connect\u00e9 ou non.<\/li>\n<\/ul>\n<h2>2. Personnalisation et pr\u00e9f\u00e9rences<\/h2>\n<ul>\n<li>Pr\u00e9f\u00e9rences du site : Telles que les param\u00e8tres de langue, les choix de th\u00e8me (mode sombre, mode clair) et les pr\u00e9f\u00e9rences de devise.<\/li>\n<li>Personnalisation : Informations sur les personnalisations s\u00e9lectionn\u00e9es par l&rsquo;utilisateur sur les sites, comme la mise en page ou la taille de la police.<\/li>\n<\/ul>\n<h2>3. Analytique et donn\u00e9es de performance<\/h2>\n<ul>\n<li>Pages visit\u00e9es : Quelles pages un utilisateur visite et dans quel ordre.<\/li>\n<li>Temps pass\u00e9 sur chaque page : Combien de temps les utilisateurs restent sur certaines pages.<\/li>\n<li>Taux de rebond : Informations sur le fait que les utilisateurs quittent apr\u00e8s avoir visit\u00e9 une seule page.<\/li>\n<li>Dur\u00e9e de la session : Combien de temps dure la session utilisateur dans son ensemble.<\/li>\n<\/ul>\n<h2>4. Donn\u00e9es comportementales<\/h2>\n<ul>\n<li>Donn\u00e9es de parcours de clics : Quels liens ou boutons les utilisateurs cliquent.<\/li>\n<li>Profondeur de d\u00e9filement : Jusqu&rsquo;o\u00f9 les utilisateurs font d\u00e9filer une page web.<\/li>\n<li>Donn\u00e9es d&rsquo;interaction : Y compris les soumissions de formulaires, les lectures de vid\u00e9os et d&rsquo;autres \u00e9l\u00e9ments interactifs.<\/li>\n<\/ul>\n<h2>5. Donn\u00e9es de g\u00e9olocalisation<\/h2>\n<ul>\n<li>Localisation approximative : Bas\u00e9e sur l&rsquo;adresse IP, les cookies peuvent stocker des informations de localisation g\u00e9n\u00e9rale telles que la ville ou la r\u00e9gion.<\/li>\n<\/ul>\n<h2>6. Publicit\u00e9 cibl\u00e9e et suivi<\/h2>\n<ul>\n<li>Annonces cliqu\u00e9es : Informations sur les annonces qui ont \u00e9t\u00e9 cliqu\u00e9es et les interactions avec elles.<\/li>\n<li>Fr\u00e9quence des annonces : Pour \u00e9viter qu&rsquo;une m\u00eame annonce ne soit affich\u00e9e plusieurs fois.<\/li>\n<li>Profils d&rsquo;int\u00e9r\u00eats : Construction d&rsquo;un profil bas\u00e9 sur les types de sites web visit\u00e9s par un utilisateur, ses habitudes d&rsquo;achat en ligne et ses pr\u00e9f\u00e9rences pour les annonces cibl\u00e9es.<\/li>\n<li>Suivi intersites : Suivi du comportement des utilisateurs sur diff\u00e9rents sites pour construire un profil plus d\u00e9taill\u00e9.<\/li>\n<\/ul>\n<h2>7. Achats et commerce \u00e9lectronique<\/h2>\n<ul>\n<li>Donn\u00e9es du panier d&rsquo;achat : Pour garder une trace des articles ajout\u00e9s \u00e0 un panier d&rsquo;achat en ligne.<\/li>\n<li>Achats pr\u00e9c\u00e9dents : Pour recommander des produits bas\u00e9s sur des achats ou des historiques de navigation ant\u00e9rieurs.<\/li>\n<\/ul>\n<h2>8. Informations d&rsquo;authentification<\/h2>\n<ul>\n<li>Donn\u00e9es \u00ab\u00a0Se souvenir de moi\u00a0\u00bb : Utilis\u00e9es pour garder les utilisateurs connect\u00e9s \u00e0 un site sur plusieurs sessions.<\/li>\n<li>Stockage de jetons : Pour les sites qui utilisent l&rsquo;authentification bas\u00e9e sur des jetons.<\/li>\n<\/ul>\n<h2>9. Informations sur l&rsquo;appareil<\/h2>\n<ul>\n<li>Type et version de navigateur : Pour optimiser l&rsquo;affichage du site web pour diff\u00e9rents navigateurs.<\/li>\n<li>Informations sur le syst\u00e8me d&rsquo;exploitation : Stock\u00e9es pour mieux servir le contenu en fonction de l&rsquo;appareil.<\/li>\n<li>Type d&rsquo;appareil : Informations comme mobile, tablette ou ordinateur de bureau.<\/li>\n<\/ul>\n<h2>10. Donn\u00e9es de r\u00e9f\u00e9rence et UTM<\/h2>\n<ul>\n<li>R\u00e9f\u00e9rent : Quel site web ou lien a r\u00e9f\u00e9r\u00e9 l&rsquo;utilisateur \u00e0 la page actuelle.<\/li>\n<li>Suivi de campagne : Param\u00e8tres UTM pour suivre la performance des campagnes marketing.<\/li>\n<\/ul>\n<h2>11. Donn\u00e9es de consentement<\/h2>\n<ul>\n<li>Statut de consentement aux cookies : Si l&rsquo;utilisateur a accept\u00e9 ou rejet\u00e9 la politique des cookies.<\/li>\n<\/ul>\n","protected":false},"excerpt":{"rendered":"<p>1. Identification de l&rsquo;utilisateur et gestion de session Identifiants de session : Pour garder les utilisateurs connect\u00e9s sur plusieurs pages. Statut de connexion : Pour se souvenir si un utilisateur est connect\u00e9 ou non. 2. Personnalisation et pr\u00e9f\u00e9rences Pr\u00e9f\u00e9rences du site : Telles que les param\u00e8tres de langue, les choix de th\u00e8me (mode sombre, mode [&hellip;]<\/p>\n","protected":false},"author":1,"featured_media":1120,"parent":0,"menu_order":0,"comment_status":"closed","ping_status":"closed","template":"template-text.php","meta":{"_acf_changed":false,"content-type":"","footnotes":""},"class_list":["post-1122","page","type-page","status-publish","has-post-thumbnail","hentry"],"acf":[],"_links":{"self":[{"href":"https:\/\/behlen.ca\/fr\/wp-json\/wp\/v2\/pages\/1122","targetHints":{"allow":["GET"]}}],"collection":[{"href":"https:\/\/behlen.ca\/fr\/wp-json\/wp\/v2\/pages"}],"about":[{"href":"https:\/\/behlen.ca\/fr\/wp-json\/wp\/v2\/types\/page"}],"author":[{"embeddable":true,"href":"https:\/\/behlen.ca\/fr\/wp-json\/wp\/v2\/users\/1"}],"replies":[{"embeddable":true,"href":"https:\/\/behlen.ca\/fr\/wp-json\/wp\/v2\/comments?post=1122"}],"version-history":[{"count":2,"href":"https:\/\/behlen.ca\/fr\/wp-json\/wp\/v2\/pages\/1122\/revisions"}],"predecessor-version":[{"id":1124,"href":"https:\/\/behlen.ca\/fr\/wp-json\/wp\/v2\/pages\/1122\/revisions\/1124"}],"wp:featuredmedia":[{"embeddable":true,"href":"https:\/\/behlen.ca\/fr\/wp-json\/wp\/v2\/media\/1120"}],"wp:attachment":[{"href":"https:\/\/behlen.ca\/fr\/wp-json\/wp\/v2\/media?parent=1122"}],"curies":[{"name":"wp","href":"https:\/\/api.w.org\/{rel}","templated":true}]}}