{"id":183,"date":"2024-09-12T13:24:08","date_gmt":"2024-09-12T18:24:08","guid":{"rendered":"https:\/\/behlen.ca\/?page_id=183"},"modified":"2024-09-12T14:21:36","modified_gmt":"2024-09-12T19:21:36","slug":"profil-de-lentreprise","status":"publish","type":"page","link":"https:\/\/behlen.ca\/fr\/profil-de-lentreprise\/","title":{"rendered":"Profil de l&rsquo;entreprise"},"content":{"rendered":"<h2>Un leader mondial des solutions de b\u00e2timents en acier<\/h2>\n<p>Depuis 50 ans, BEHLEN Industries LP est devenu le plus grand fabricant de syst\u00e8mes de b\u00e2timents en acier au Canada. Nous servons aujourd\u2019hui des clients dans le monde entier gr\u00e2ce \u00e0 un r\u00e9seau croissant de constructeurs agr\u00e9\u00e9s et continuons \u00e0 nous forger une r\u00e9putation de leader mondial dans notre secteur.<\/p>\n<p>Notre succ\u00e8s repose principalement sur notre engagement envers la qualit\u00e9, l&rsquo;innovation et le service \u00e0 la client\u00e8le. Notre \u00e9quipe hautement qualifi\u00e9e et notre service d&rsquo;ing\u00e9nierie interne s&rsquo;efforcent constamment de d\u00e9passer les attentes de nos clients.<\/p>\n<h2>Historique de l&rsquo;entreprise<\/h2>\n<p>BEHLEN Industries LP a \u00e9t\u00e9 fond\u00e9e en 1969 \u00e0 Brandon, au Manitoba, et est le plus grand fabricant canadien de syst\u00e8mes de b\u00e2timents en acier.<\/p>\n<p>BEHLEN Industries LP a \u00e9t\u00e9 le premier fabricant nord-am\u00e9ricain de b\u00e2timents en acier enregistr\u00e9 \u00e0 la norme ISO 9001. En plus de l&rsquo;ISO, nous sommes certifi\u00e9s selon la norme CSA A660, la norme canadienne pour les syst\u00e8mes de b\u00e2timents en acier, et nous sommes membres de l&rsquo;Institut canadien de la construction en acier en tant que fabricant d&rsquo;acier. Depuis 1997, nous sommes reconnus comme l&rsquo;une des 50 entreprises priv\u00e9es les mieux g\u00e9r\u00e9es au Canada, avec un statut Platine depuis 2003, et depuis 2015, nous sommes \u00e9galement membres Fabricants d\u2019acier de l&rsquo;Institut canadien de la construction en acier.<\/p>\n<p>La diversit\u00e9 de notre gamme de produits nous permet de proposer une vari\u00e9t\u00e9 de syst\u00e8mes de construction rentables pour les march\u00e9s industriel, institutionnel, commercial et r\u00e9cr\u00e9atif.<\/p>\n<p>Nous desservons et vendons sur le march\u00e9 en partenariat avec notre r\u00e9seau de constructeurs agr\u00e9\u00e9s, qui s&rsquo;\u00e9tend \u00e0 toute l&rsquo;Am\u00e9rique du Nord et \u00e0 certaines r\u00e9gions de l&rsquo;Europe. Ces constructeurs sont soutenus par des directeurs r\u00e9gionaux des ventes qualifi\u00e9s, une ing\u00e9nierie interne et des repr\u00e9sentants du service \u00e0 la client\u00e8le technique bas\u00e9s dans des bureaux r\u00e9gionaux partout en Am\u00e9rique du Nord.<\/p>\n<p>BEHLEN Industries LP s&rsquo;engage envers le march\u00e9 que nous desservons en fournissant des produits et services de qualit\u00e9 gr\u00e2ce \u00e0 des solutions de construction \u00e9conomiques, livr\u00e9es dans les d\u00e9lais et dans les budgets.<\/p>\n","protected":false},"excerpt":{"rendered":"<p>Un leader mondial des solutions de b\u00e2timents en acier Depuis 50 ans, BEHLEN Industries LP est devenu le plus grand fabricant de syst\u00e8mes de b\u00e2timents en acier au Canada. Nous servons aujourd\u2019hui des clients dans le monde entier gr\u00e2ce \u00e0 un r\u00e9seau croissant de constructeurs agr\u00e9\u00e9s et continuons \u00e0 nous forger une r\u00e9putation de leader [&hellip;]<\/p>\n","protected":false},"author":1,"featured_media":192,"parent":0,"menu_order":0,"comment_status":"closed","ping_status":"closed","template":"template-text.php","meta":{"_acf_changed":false,"content-type":"","footnotes":""},"class_list":["post-183","page","type-page","status-publish","has-post-thumbnail","hentry"],"acf":[],"_links":{"self":[{"href":"https:\/\/behlen.ca\/fr\/wp-json\/wp\/v2\/pages\/183","targetHints":{"allow":["GET"]}}],"collection":[{"href":"https:\/\/behlen.ca\/fr\/wp-json\/wp\/v2\/pages"}],"about":[{"href":"https:\/\/behlen.ca\/fr\/wp-json\/wp\/v2\/types\/page"}],"author":[{"embeddable":true,"href":"https:\/\/behlen.ca\/fr\/wp-json\/wp\/v2\/users\/1"}],"replies":[{"embeddable":true,"href":"https:\/\/behlen.ca\/fr\/wp-json\/wp\/v2\/comments?post=183"}],"version-history":[{"count":3,"href":"https:\/\/behlen.ca\/fr\/wp-json\/wp\/v2\/pages\/183\/revisions"}],"predecessor-version":[{"id":190,"href":"https:\/\/behlen.ca\/fr\/wp-json\/wp\/v2\/pages\/183\/revisions\/190"}],"wp:featuredmedia":[{"embeddable":true,"href":"https:\/\/behlen.ca\/fr\/wp-json\/wp\/v2\/media\/192"}],"wp:attachment":[{"href":"https:\/\/behlen.ca\/fr\/wp-json\/wp\/v2\/media?parent=183"}],"curies":[{"name":"wp","href":"https:\/\/api.w.org\/{rel}","templated":true}]}}