{"id":197,"date":"2024-09-12T14:26:16","date_gmt":"2024-09-12T19:26:16","guid":{"rendered":"https:\/\/behlen.ca\/?page_id=197"},"modified":"2024-09-12T14:46:32","modified_gmt":"2024-09-12T19:46:32","slug":"wgi-westman-group","status":"publish","type":"page","link":"https:\/\/behlen.ca\/fr\/wgi-westman-group\/","title":{"rendered":"WGI Westman Group"},"content":{"rendered":"<h2>WGI Westman Group<\/h2>\n<p><a href=\"http:\/\/www.westmangroup.com\/\" target=\"_blank\" rel=\"noopener noreferrer\">WGI Westman Group Inc.<\/a>\u00a0est un groupe d\u2019entreprises dynamique qui se compose de Behlen Industries LP, Westman Steel Industries, Meridian Manufacturing Inc. et Canada Culvert. Le Groupe Westman exploite des \u00e9tablissements de fabrication, de vente et de distribution dans 29 centres du Canada et des \u00c9tats-Unis, maintient les r\u00e9seaux de distribution en Am\u00e9rique du Nord et dispose d\u2019une base de clients du monde entier.<\/p>\n<h2>Armtec<\/h2>\n<p>Fort de plus de 150 ans d\u2019exp\u00e9rience combin\u00e9e dans la fabrication de ponceaux, Armtec est un regroupement de cinq entreprises: Westman Culvert, SPIR-L-OK, Steelcor, FSI Culvert et Canada Culvert. Le nouveau Armtec demeure la propri\u00e9t\u00e9 exclusive de GTI Westman Group Inc., mais il n\u2019en est pas moins une mani\u00e8re renouvel\u00e9e et simplifi\u00e9e de faire des affaires. En tant que soci\u00e9t\u00e9 unifi\u00e9e, Armtec devient une source unique de produits, de solutions et d\u2019expertise novateurs pour r\u00e9pondre aux besoins de nos clients et de leurs d\u00e9fis en mati\u00e8re de gestion des sols et des eaux, ce qui nous donne toutes les raisons de nous vanter que la v\u00e9ritable \u00ab innovation \u00e9mane d\u2019ici \u00bb. Pour plus d\u2019informations, consultez le site Web officiel de Armtec:\u00a0<a href=\"http:\/\/www.armtec.com\/\" target=\"_blank\" rel=\"noopener noreferrer\">www.armtec.com<\/a><\/p>\n<ul>\n<li>T\u00f4le d\u2019acier ondul\u00e9e STEELCOR<\/li>\n<li>Tuyauterie en plastique (PEHD)<\/li>\n<li>Rev\u00eatement alternatif (double zingage, type II alumin\u00e9, multicouche)<\/li>\n<li>G\u00e9otextiles et produits anti-\u00e9rosion<\/li>\n<li>Beaver Stop\u00ae<\/li>\n<li>Vannes de garde d\u2019eau<\/li>\n<li>T\u00f4le d\u2019acier ondul\u00e9e \u00e0 collerette encastrable<\/li>\n<li>T\u00f4le d\u2019acier ondul\u00e9e \u00e0 plaques structurelles (SPCSP)<\/li>\n<\/ul>\n<h2>Meridian Manufacturing<\/h2>\n<p>Meridian Manufacturing Inc. est le plus grand producteur innovateur de tr\u00e9mies \u00e0 paroi lisse. Il poss\u00e8de six bureaux et des usines de fabrication de classe internationale situ\u00e9s en Am\u00e9rique du Nord. Pendant plus de 40 ans, Meridian \u00e9tait connu pour les marques Friesen, Grain Max, Stor-King et Wheatland qui, en 2008, ont \u00e9t\u00e9 int\u00e9gr\u00e9es \u00e0 la marque Meridian. La diversification dans le march\u00e9 du p\u00e9trole et du gaz et de l\u2019\u00e9quipement de transport de grain a entra\u00een\u00e9 une croissance continue pour Meridian. Pour plus d\u2019informations, consultez le site Web officiel de Meridian Manufacturing Inc. :\u00a0<a href=\"http:\/\/www.meridianmfg.com\/\" target=\"_blank\" rel=\"noopener noreferrer\">www.meridianmfg.com<\/a><\/p>\n<ul>\n<li>Entreposage des produits agricoles : la s\u00e9rie SmoothWall GrainMax, le stockage liquide, les silos, l\u2019entreposage \u00e0 c\u00f4ne escarp\u00e9, l\u2019ensemble SeedMax et l\u2019entreposage polyvalent, les tr\u00e9mies et les bacs \u00e0 fond plat galvanis\u00e9s et les hangars ArchWall<\/li>\n<li>Entreposage commercial : plastiques, sable, ciment, liquides, applications agro-industrielles et personnalis\u00e9es<\/li>\n<li>Appels d\u2019offres : semences en vrac, semences express et Titan<\/li>\n<li>R\u00e9servoirs p\u00e9troliers : double paroi et double paroi fenduel<\/li>\n<li>Applications p\u00e9troli\u00e8res et gazi\u00e8res : citernes amovibles BBL, r\u00e9servoirs de m\u00e9thanol et r\u00e9servoirs sur mesure<\/li>\n<li>Produits de manutention de grain : vis sans fin orientables, tari\u00e8res classiques, convoyeurs et ensilateurs pneumatiques<\/li>\n<\/ul>\n<h2>Westman Steel Industries<\/h2>\n<p>Westman Steel Industries est le plus grand fabricant de toitures en m\u00e9tal et de produits de bardage de l\u2019Ouest canadien. Il fournit des produits aux secteurs agricole, r\u00e9sidentiel et commercial l\u00e9ger. Westman a des usines de production situ\u00e9es dans trois emplacements : Brandon (Manitoba), Langley (Colombie-Britannique) et Airdrie (Alberta). Westman Steel dispose \u00e9galement d\u2019un entrep\u00f4t \u00e0 Edmonton, Saskatoon et Winnipeg. Pour plus d\u2019informations, consultez le site Web officiel de Westman Steel :\u00a0<a href=\"http:\/\/www.westmansteel.ca\/\" target=\"_blank\" rel=\"noopener noreferrer\">www.westmansteel.ca<\/a><\/p>\n<ul>\n<li>Profilage d\u2019une gamme compl\u00e8te de couleurs et de jauges de toiture en m\u00e9tal et de bardage et la distribution connexe dans l\u2019Ouest canadien<\/li>\n<li>Une gamme compl\u00e8te de produits sid\u00e9rurgiques Decra, y compris le bardeau d\u2019acier<\/li>\n<li>Tuiles espagnoles Westman et panneau Future Shake<\/li>\n<li>Syst\u00e8me et mat\u00e9riel de rail de porte Cannonball<\/li>\n<li>Panneaux de toiture en polycarbonate et panneaux de rev\u00eatement en PVC<\/li>\n<\/ul>\n","protected":false},"excerpt":{"rendered":"<p>WGI Westman Group WGI Westman Group Inc.\u00a0est un groupe d\u2019entreprises dynamique qui se compose de Behlen Industries LP, Westman Steel Industries, Meridian Manufacturing Inc. et Canada Culvert. Le Groupe Westman exploite des \u00e9tablissements de fabrication, de vente et de distribution dans 29 centres du Canada et des \u00c9tats-Unis, maintient les r\u00e9seaux de distribution en Am\u00e9rique [&hellip;]<\/p>\n","protected":false},"author":1,"featured_media":201,"parent":0,"menu_order":0,"comment_status":"closed","ping_status":"closed","template":"template-text.php","meta":{"_acf_changed":false,"content-type":"","footnotes":""},"class_list":["post-197","page","type-page","status-publish","has-post-thumbnail","hentry"],"acf":[],"_links":{"self":[{"href":"https:\/\/behlen.ca\/fr\/wp-json\/wp\/v2\/pages\/197","targetHints":{"allow":["GET"]}}],"collection":[{"href":"https:\/\/behlen.ca\/fr\/wp-json\/wp\/v2\/pages"}],"about":[{"href":"https:\/\/behlen.ca\/fr\/wp-json\/wp\/v2\/types\/page"}],"author":[{"embeddable":true,"href":"https:\/\/behlen.ca\/fr\/wp-json\/wp\/v2\/users\/1"}],"replies":[{"embeddable":true,"href":"https:\/\/behlen.ca\/fr\/wp-json\/wp\/v2\/comments?post=197"}],"version-history":[{"count":2,"href":"https:\/\/behlen.ca\/fr\/wp-json\/wp\/v2\/pages\/197\/revisions"}],"predecessor-version":[{"id":200,"href":"https:\/\/behlen.ca\/fr\/wp-json\/wp\/v2\/pages\/197\/revisions\/200"}],"wp:featuredmedia":[{"embeddable":true,"href":"https:\/\/behlen.ca\/fr\/wp-json\/wp\/v2\/media\/201"}],"wp:attachment":[{"href":"https:\/\/behlen.ca\/fr\/wp-json\/wp\/v2\/media?parent=197"}],"curies":[{"name":"wp","href":"https:\/\/api.w.org\/{rel}","templated":true}]}}