{"id":207,"date":"2024-09-12T15:02:38","date_gmt":"2024-09-12T20:02:38","guid":{"rendered":"https:\/\/behlen.ca\/?page_id=207"},"modified":"2024-09-12T15:03:04","modified_gmt":"2024-09-12T20:03:04","slug":"pourquoi-behlen","status":"publish","type":"page","link":"https:\/\/behlen.ca\/fr\/pourquoi-behlen\/","title":{"rendered":"Pourquoi BEHLEN ?"},"content":{"rendered":"<h2>POURQUOI BEHLEN ?<\/h2>\n<p>Au cours des 50 derni\u00e8res ann\u00e9es, BEHLEN Industries LP a fourni des solutions de construction \u00e0 de grandes soci\u00e9t\u00e9s d\u2019Am\u00e9rique du Nord et a pris de l\u2019envergure pour servir les clients du monde entier. Nous avons connu cette croissance et cette renomm\u00e9e gr\u00e2ce \u00e0 notre engagement envers la qualit\u00e9 et le service \u00e0 la client\u00e8le.<\/p>\n<h2>Fier d\u2019\u00eatre le plus grand fabricant de syst\u00e8mes de b\u00e2timent en acier du Canada<\/h2>\n<ul>\n<li>Fabricant du premier b\u00e2timent en acier autoportant de 95 m (313 pi) de largeur.<\/li>\n<li>Offrir l\u2019efficacit\u00e9 \u00e9nerg\u00e9tique, la flexibilit\u00e9 cr\u00e9ative et la long\u00e9vit\u00e9 du produit.<\/li>\n<li>Le premier constructeur de b\u00e2timents en acier d\u2019Am\u00e9rique du Nord certifi\u00e9 ISO 9001.<\/li>\n<li>Membre platine de la liste des 50 soci\u00e9t\u00e9s priv\u00e9es les mieux g\u00e9r\u00e9es du Canada.<\/li>\n<li>Certifi\u00e9 conforme \u00e0 la norme CSA A660, la norme canadienne des syst\u00e8mes de b\u00e2timent en acier.<\/li>\n<li>Fournir des produits de qualit\u00e9 sup\u00e9rieure gr\u00e2ce \u00e0 des solutions rentables selon les d\u00e9lais et le budget pr\u00e9vus.<\/li>\n<li>Assurer le soutien gr\u00e2ce \u00e0 une \u00e9quipe de directeurs des ventes qualifi\u00e9s et un service d\u2019ing\u00e9nierie interne.<\/li>\n<li>R\u00e9seau de constructeurs autoris\u00e9s dans le monde entier.<\/li>\n<\/ul>\n","protected":false},"excerpt":{"rendered":"<p>POURQUOI BEHLEN ? Au cours des 50 derni\u00e8res ann\u00e9es, BEHLEN Industries LP a fourni des solutions de construction \u00e0 de grandes soci\u00e9t\u00e9s d\u2019Am\u00e9rique du Nord et a pris de l\u2019envergure pour servir les clients du monde entier. Nous avons connu cette croissance et cette renomm\u00e9e gr\u00e2ce \u00e0 notre engagement envers la qualit\u00e9 et le service [&hellip;]<\/p>\n","protected":false},"author":1,"featured_media":206,"parent":0,"menu_order":0,"comment_status":"closed","ping_status":"closed","template":"template-text.php","meta":{"_acf_changed":false,"content-type":"","footnotes":""},"class_list":["post-207","page","type-page","status-publish","has-post-thumbnail","hentry"],"acf":[],"_links":{"self":[{"href":"https:\/\/behlen.ca\/fr\/wp-json\/wp\/v2\/pages\/207","targetHints":{"allow":["GET"]}}],"collection":[{"href":"https:\/\/behlen.ca\/fr\/wp-json\/wp\/v2\/pages"}],"about":[{"href":"https:\/\/behlen.ca\/fr\/wp-json\/wp\/v2\/types\/page"}],"author":[{"embeddable":true,"href":"https:\/\/behlen.ca\/fr\/wp-json\/wp\/v2\/users\/1"}],"replies":[{"embeddable":true,"href":"https:\/\/behlen.ca\/fr\/wp-json\/wp\/v2\/comments?post=207"}],"version-history":[{"count":2,"href":"https:\/\/behlen.ca\/fr\/wp-json\/wp\/v2\/pages\/207\/revisions"}],"predecessor-version":[{"id":209,"href":"https:\/\/behlen.ca\/fr\/wp-json\/wp\/v2\/pages\/207\/revisions\/209"}],"wp:featuredmedia":[{"embeddable":true,"href":"https:\/\/behlen.ca\/fr\/wp-json\/wp\/v2\/media\/206"}],"wp:attachment":[{"href":"https:\/\/behlen.ca\/fr\/wp-json\/wp\/v2\/media?parent=207"}],"curies":[{"name":"wp","href":"https:\/\/api.w.org\/{rel}","templated":true}]}}