{"id":3717,"date":"2026-04-27T13:57:01","date_gmt":"2026-04-27T18:57:01","guid":{"rendered":"https:\/\/behlen.ca\/?page_id=3717"},"modified":"2026-04-27T14:13:51","modified_gmt":"2026-04-27T19:13:51","slug":"a-propos-de-behlen","status":"publish","type":"page","link":"https:\/\/behlen.ca\/fr\/a-propos-de-behlen\/","title":{"rendered":"\u00c0 propos de BEHLEN"},"content":{"rendered":"<h2>BEHLEN Industries LP<\/h2>\n<p>Behlen Industries LP est une entreprise de WGI Westman Group Inc., un solide groupe d&rsquo;entreprises de fabrication d&rsquo;acier. Behlen fabrique des syst\u00e8mes de b\u00e2timents en acier \u00e0 Brandon, au Manitoba, depuis 1969, et est depuis devenu le plus grand fabricant de syst\u00e8mes de b\u00e2timents en acier au Canada. Notre succ\u00e8s repose sur notre engagement envers la qualit\u00e9, l&rsquo;innovation et le service \u00e0 la client\u00e8le.<\/p>\n<p>Gr\u00e2ce \u00e0 une \u00e9quipe d&rsquo;ing\u00e9nierie tr\u00e8s exp\u00e9riment\u00e9e et \u00e0 une mod\u00e9lisation de haut niveau, Behlen peut r\u00e9aliser des syst\u00e8mes de b\u00e2timents en acier de la plus haute qualit\u00e9. Les b\u00e2timents Behlen sont le premier choix des monteurs parce qu&rsquo;ils s&rsquo;assemblent mieux, ce qui se traduit par une r\u00e9duction du temps et des co\u00fbts de montage. Cela devient tr\u00e8s important pour les b\u00e2timents de grande taille et\/ou complexes, comme les grands hangars d&rsquo;aviation ou les b\u00e2timents utilis\u00e9s sur les sites miniers.<\/p>\n<p>Au fil des ans, Behlen a r\u00e9alis\u00e9 plusieurs accomplissements notables, notamment :<\/p>\n<ul>\n<li>L&rsquo;ouverture de notre usine de fabrication bas\u00e9e \u00e0 Brandon, au Manitoba, en <strong>1969<\/strong><\/li>\n<li>La fabrication du premier b\u00e2timent en acier autoportant au Canada en <strong>1969<\/strong><\/li>\n<li>Devenir le premier fabricant de b\u00e2timents en acier en Am\u00e9rique du Nord enregistr\u00e9 \u00e0 la norme ISO 9001 en <strong>1995<\/strong><\/li>\n<li>Devenir l&rsquo;une des Soci\u00e9t\u00e9s les mieux g\u00e9r\u00e9es au Canada en <strong>1997<\/strong><\/li>\n<li>La fabrication du premier b\u00e2timent en acier autoportant au monde avec une port\u00e9e libre de 95 m (313 pi) de largeur en <strong>2013<\/strong><\/li>\n<\/ul>\n<p>Behlen d\u00e9tient de nombreuses certifications, incluant, sans s&rsquo;y limiter :<\/p>\n<ul>\n<li>Norme du syst\u00e8me de gestion du <strong>CWB<\/strong> <strong>: ISO 9001:2015<\/strong><\/li>\n<li>Norme de certification du <strong>CWB<\/strong> <strong>CSA A660-10<\/strong><\/li>\n<li>Norme CSA certifi\u00e9e par le <strong>CWB<\/strong> <strong>W47.1 Division 1<\/strong><\/li>\n<\/ul>\n<p>D\u00e9montrant notre engagement \u00e0 soutenir les \u00e9conomies locales, Behlen est un membre actif et s&rsquo;implique aupr\u00e8s de :<\/p>\n<ul>\n<li>Membre des syst\u00e8mes de b\u00e2timents en acier de l&rsquo;Institut canadien de la construction en acier \u2013 Institut canadien de la t\u00f4le d&rsquo;acier pour le b\u00e2timent <strong>(ICCA-ICTAB)<\/strong><\/li>\n<li>Manufacturiers et Exportateurs du Canada <strong>(MEC)<\/strong><\/li>\n<li><strong>Chambres de commerce<\/strong> locales<\/li>\n<li><strong>Commandites locales et soutien communautaire<\/strong><\/li>\n<\/ul>\n<p>Behlen Industries LP s&rsquo;est diversifi\u00e9e au fil des ans, avec un portefeuille de marques en croissance. Apprenez-en plus sur Behlen en explorant nos marques.<\/p>\n","protected":false},"excerpt":{"rendered":"<p>BEHLEN Industries LP Behlen Industries LP est une entreprise de WGI Westman Group Inc., un solide groupe d&rsquo;entreprises de fabrication d&rsquo;acier. Behlen fabrique des syst\u00e8mes de b\u00e2timents en acier \u00e0 Brandon, au Manitoba, depuis 1969, et est depuis devenu le plus grand fabricant de syst\u00e8mes de b\u00e2timents en acier au Canada. Notre succ\u00e8s repose sur [&hellip;]<\/p>\n","protected":false},"author":1,"featured_media":206,"parent":0,"menu_order":0,"comment_status":"closed","ping_status":"closed","template":"template-about-us.php","meta":{"_acf_changed":false,"content-type":"","footnotes":""},"class_list":["post-3717","page","type-page","status-publish","has-post-thumbnail","hentry"],"acf":[],"_links":{"self":[{"href":"https:\/\/behlen.ca\/fr\/wp-json\/wp\/v2\/pages\/3717","targetHints":{"allow":["GET"]}}],"collection":[{"href":"https:\/\/behlen.ca\/fr\/wp-json\/wp\/v2\/pages"}],"about":[{"href":"https:\/\/behlen.ca\/fr\/wp-json\/wp\/v2\/types\/page"}],"author":[{"embeddable":true,"href":"https:\/\/behlen.ca\/fr\/wp-json\/wp\/v2\/users\/1"}],"replies":[{"embeddable":true,"href":"https:\/\/behlen.ca\/fr\/wp-json\/wp\/v2\/comments?post=3717"}],"version-history":[{"count":6,"href":"https:\/\/behlen.ca\/fr\/wp-json\/wp\/v2\/pages\/3717\/revisions"}],"predecessor-version":[{"id":3725,"href":"https:\/\/behlen.ca\/fr\/wp-json\/wp\/v2\/pages\/3717\/revisions\/3725"}],"wp:featuredmedia":[{"embeddable":true,"href":"https:\/\/behlen.ca\/fr\/wp-json\/wp\/v2\/media\/206"}],"wp:attachment":[{"href":"https:\/\/behlen.ca\/fr\/wp-json\/wp\/v2\/media?parent=3717"}],"curies":[{"name":"wp","href":"https:\/\/api.w.org\/{rel}","templated":true}]}}