{"id":63,"date":"2024-09-09T09:10:17","date_gmt":"2024-09-09T14:10:17","guid":{"rendered":"https:\/\/behlen.ca\/?page_id=63"},"modified":"2024-09-13T14:33:39","modified_gmt":"2024-09-13T19:33:39","slug":"politique-daccessibilite","status":"publish","type":"page","link":"https:\/\/behlen.ca\/fr\/politique-daccessibilite\/","title":{"rendered":"Politique d&rsquo;accessibilit\u00e9"},"content":{"rendered":"<h2>Politique d&rsquo;accessibilit\u00e9 du contenu web du groupe WGI Westman<\/h2>\n<p>Nous nous engageons \u00e0 garantir l&rsquo;accessibilit\u00e9 de notre site web \u00e0 tous les utilisateurs. Nous avons adopt\u00e9 les Directives pour l&rsquo;accessibilit\u00e9 des contenus Web (WCAG) version 2.0 Niveau AA comme norme pour l&rsquo;accessibilit\u00e9 des sites web et nous nous effor\u00e7ons activement de garantir que notre site respecte cette norme autant que possible. Nous travaillons continuellement \u00e0 am\u00e9liorer l&rsquo;accessibilit\u00e9 de notre site gr\u00e2ce \u00e0 des mises \u00e0 jour r\u00e9guli\u00e8res. Si vous rencontrez des difficult\u00e9s pour acc\u00e9der \u00e0 notre site ou l&rsquo;utiliser, n&rsquo;h\u00e9sitez pas \u00e0 nous contacter \u00e0 l&rsquo;adresse suivante : <a class=\"link\" href=\"mailto:webmaster@westmangroup.com\">webmaster@westmangroup.com<\/a>.<\/p>\n","protected":false},"excerpt":{"rendered":"<p>Politique d&rsquo;accessibilit\u00e9 du contenu web du groupe WGI Westman Nous nous engageons \u00e0 garantir l&rsquo;accessibilit\u00e9 de notre site web \u00e0 tous les utilisateurs. Nous avons adopt\u00e9 les Directives pour l&rsquo;accessibilit\u00e9 des contenus Web (WCAG) version 2.0 Niveau AA comme norme pour l&rsquo;accessibilit\u00e9 des sites web et nous nous effor\u00e7ons activement de garantir que notre site [&hellip;]<\/p>\n","protected":false},"author":1,"featured_media":423,"parent":0,"menu_order":0,"comment_status":"closed","ping_status":"closed","template":"template-text.php","meta":{"_acf_changed":false,"content-type":"","footnotes":""},"class_list":["post-63","page","type-page","status-publish","has-post-thumbnail","hentry"],"acf":[],"_links":{"self":[{"href":"https:\/\/behlen.ca\/fr\/wp-json\/wp\/v2\/pages\/63","targetHints":{"allow":["GET"]}}],"collection":[{"href":"https:\/\/behlen.ca\/fr\/wp-json\/wp\/v2\/pages"}],"about":[{"href":"https:\/\/behlen.ca\/fr\/wp-json\/wp\/v2\/types\/page"}],"author":[{"embeddable":true,"href":"https:\/\/behlen.ca\/fr\/wp-json\/wp\/v2\/users\/1"}],"replies":[{"embeddable":true,"href":"https:\/\/behlen.ca\/fr\/wp-json\/wp\/v2\/comments?post=63"}],"version-history":[{"count":3,"href":"https:\/\/behlen.ca\/fr\/wp-json\/wp\/v2\/pages\/63\/revisions"}],"predecessor-version":[{"id":421,"href":"https:\/\/behlen.ca\/fr\/wp-json\/wp\/v2\/pages\/63\/revisions\/421"}],"wp:featuredmedia":[{"embeddable":true,"href":"https:\/\/behlen.ca\/fr\/wp-json\/wp\/v2\/media\/423"}],"wp:attachment":[{"href":"https:\/\/behlen.ca\/fr\/wp-json\/wp\/v2\/media?parent=63"}],"curies":[{"name":"wp","href":"https:\/\/api.w.org\/{rel}","templated":true}]}}