{"id":65,"date":"2024-09-09T09:26:27","date_gmt":"2024-09-09T14:26:27","guid":{"rendered":"https:\/\/behlen.ca\/?page_id=65"},"modified":"2024-09-20T15:44:07","modified_gmt":"2024-09-20T20:44:07","slug":"devenez-constructeur","status":"publish","type":"page","link":"https:\/\/behlen.ca\/fr\/devenez-constructeur\/","title":{"rendered":"Devenez constructeur"},"content":{"rendered":"<h2>Bienvenue dans le programme \u00ab Devenez Constructeur \u00bb<\/h2>\n<p>Vous cherchez \u00e0 rejoindre notre \u00e9quipe ? Rejoignez-nous en tant que constructeur et mettez vos comp\u00e9tences professionnelles en action. Nous sommes constamment \u00e0 la recherche de personnes talentueuses et motiv\u00e9es, pr\u00eates \u00e0 relever des d\u00e9fis et \u00e0 cr\u00e9er des projets exceptionnels.<\/p>\n<h2>Pourquoi nous choisir ?<\/h2>\n<p>Nous valorisons chaque membre de notre \u00e9quipe et offrons des conditions propices \u00e0 la croissance professionnelle et personnelle. Notre engagement est de cr\u00e9er un environnement o\u00f9 vous pouvez vous \u00e9panouir, tant sur le plan personnel que professionnel.<\/p>\n<h2>Comment rejoindre notre \u00e9quipe ?<\/h2>\n<p>Rejoindre notre \u00e9quipe est simple \u2013 remplissez le formulaire de candidature ci-dessous, et nous vous contacterons bient\u00f4t pour discuter des d\u00e9tails. Nous recherchons des constructeurs talentueux, pr\u00eats \u00e0 relever des d\u00e9fis et \u00e0 concr\u00e9tiser les projets les plus ambitieux.<\/p>\n<p>Ne manquez pas l\u2019opportunit\u00e9 de faire partie de notre \u00e9quipe \u00e0 succ\u00e8s. Rejoignez-nous d\u00e8s aujourd&rsquo;hui et commen\u00e7ons \u00e0 b\u00e2tir l&rsquo;avenir ensemble !<\/p>\n<script type=\"text\/javascript\">\n\/* <![CDATA[ *\/\nvar gform;gform||(document.addEventListener(\"gform_main_scripts_loaded\",function(){gform.scriptsLoaded=!0}),document.addEventListener(\"gform\/theme\/scripts_loaded\",function(){gform.themeScriptsLoaded=!0}),window.addEventListener(\"DOMContentLoaded\",function(){gform.domLoaded=!0}),gform={domLoaded:!1,scriptsLoaded:!1,themeScriptsLoaded:!1,isFormEditor:()=>\"function\"==typeof InitializeEditor,callIfLoaded:function(o){return!(!gform.domLoaded||!gform.scriptsLoaded||!gform.themeScriptsLoaded&&!gform.isFormEditor()||(gform.isFormEditor()&&console.warn(\"The use of gform.initializeOnLoaded() is deprecated in the form editor context and will be removed in Gravity Forms 3.1.\"),o(),0))},initializeOnLoaded:function(o){gform.callIfLoaded(o)||(document.addEventListener(\"gform_main_scripts_loaded\",()=>{gform.scriptsLoaded=!0,gform.callIfLoaded(o)}),document.addEventListener(\"gform\/theme\/scripts_loaded\",()=>{gform.themeScriptsLoaded=!0,gform.callIfLoaded(o)}),window.addEventListener(\"DOMContentLoaded\",()=>{gform.domLoaded=!0,gform.callIfLoaded(o)}))},hooks:{action:{},filter:{}},addAction:function(o,r,e,t){gform.addHook(\"action\",o,r,e,t)},addFilter:function(o,r,e,t){gform.addHook(\"filter\",o,r,e,t)},doAction:function(o){gform.doHook(\"action\",o,arguments)},applyFilters:function(o){return gform.doHook(\"filter\",o,arguments)},removeAction:function(o,r){gform.removeHook(\"action\",o,r)},removeFilter:function(o,r,e){gform.removeHook(\"filter\",o,r,e)},addHook:function(o,r,e,t,n){null==gform.hooks[o][r]&&(gform.hooks[o][r]=[]);var d=gform.hooks[o][r];null==n&&(n=r+\"_\"+d.length),gform.hooks[o][r].push({tag:n,callable:e,priority:t=null==t?10:t})},doHook:function(r,o,e){var t;if(e=Array.prototype.slice.call(e,1),null!=gform.hooks[r][o]&&((o=gform.hooks[r][o]).sort(function(o,r){return o.priority-r.priority}),o.forEach(function(o){\"function\"!=typeof(t=o.callable)&&(t=window[t]),\"action\"==r?t.apply(null,e):e[0]=t.apply(null,e)})),\"filter\"==r)return e[0]},removeHook:function(o,r,t,n){var e;null!=gform.hooks[o][r]&&(e=(e=gform.hooks[o][r]).filter(function(o,r,e){return!!(null!=n&&n!=o.tag||null!=t&&t!=o.priority)}),gform.hooks[o][r]=e)}});\n\/* ]]> *\/\n<\/script>\n\n                <div class='gf_browser_gecko gform_wrapper gravity-theme gform-theme--no-framework' data-form-theme='gravity-theme' data-form-index='0' id='gform_wrapper_6' >\n                        <div class='gform_heading'>\n\t\t\t\t\t\t\t<p class='gform_required_legend'>\u00ab\u00a0<span class=\"gfield_required gfield_required_asterisk\">*<\/span>\u00a0\u00bb indique les champs n\u00e9cessaires<\/p>\n                        <\/div><form method='post' enctype='multipart\/form-data'  id='gform_6'  action='\/fr\/wp-json\/wp\/v2\/pages\/65' data-formid='6' novalidate>\n                        <div class='gform-body gform_body'><div id='gform_fields_6' class='gform_fields top_label form_sublabel_above description_above validation_below'><div id=\"field_6_1\" class=\"gfield gfield--type-text gfield--input-type-text gfield_contains_required field_sublabel_above gfield--no-description field_description_above field_validation_below gfield_visibility_visible\"  ><label class='gfield_label gform-field-label' for='input_6_1'>Nom de l&#039;entreprise<span class=\"gfield_required\"><span class=\"gfield_required gfield_required_asterisk\">*<\/span><\/span><\/label><div class='ginput_container ginput_container_text'><input name='input_1' id='input_6_1' type='text' value='' class='large'     aria-required=\"true\" aria-invalid=\"false\"   \/><\/div><\/div><div id=\"field_6_2\" class=\"gfield gfield--type-text gfield--input-type-text gfield_contains_required field_sublabel_above gfield--no-description field_description_above field_validation_below gfield_visibility_visible\"  ><label class='gfield_label gform-field-label' for='input_6_2'>Nom du contact<span class=\"gfield_required\"><span class=\"gfield_required gfield_required_asterisk\">*<\/span><\/span><\/label><div class='ginput_container ginput_container_text'><input name='input_2' id='input_6_2' type='text' value='' class='large'     aria-required=\"true\" aria-invalid=\"false\"   \/><\/div><\/div><fieldset id=\"field_6_3\" class=\"gfield gfield--type-address gfield--input-type-address field_sublabel_above gfield--no-description field_description_above field_validation_below gfield_visibility_visible\"  ><legend class='gfield_label gform-field-label gfield_label_before_complex' >Adresse<\/legend>    \n                    <div class='ginput_complex ginput_container has_street has_city has_state has_zip ginput_container_address gform-grid-row' id='input_6_3' >\n                         <span class='ginput_full address_line_1 ginput_address_line_1 gform-grid-col' id='input_6_3_1_container' >\n                                        <label for='input_6_3_1' id='input_6_3_1_label' class='gform-field-label gform-field-label--type-sub '>Adresse<\/label>\n                                        <input type='text' name='input_3.1' id='input_6_3_1' value=''    aria-required='false'    \/>\n                                   <\/span><span class='ginput_left address_city ginput_address_city gform-grid-col' id='input_6_3_3_container' >\n                                    <label for='input_6_3_3' id='input_6_3_3_label' class='gform-field-label gform-field-label--type-sub '>Ville<\/label>\n                                    <input type='text' name='input_3.3' id='input_6_3_3' value=''    aria-required='false'    \/>\n                                 <\/span><span class='ginput_right address_state ginput_address_state gform-grid-col' id='input_6_3_4_container' >\n                                        <label for='input_6_3_4' id='input_6_3_4_label' class='gform-field-label gform-field-label--type-sub '>\u00c9tat \/ Province \/ R\u00e9gion<\/label>\n                                        <input type='text' name='input_3.4' id='input_6_3_4' value=''      aria-required='false'    \/>\n                                      <\/span><span class='ginput_left address_zip ginput_address_zip gform-grid-col' id='input_6_3_5_container' >\n                                    <label for='input_6_3_5' id='input_6_3_5_label' class='gform-field-label gform-field-label--type-sub '>Code postal<\/label>\n                                    <input type='text' name='input_3.5' id='input_6_3_5' value=''    aria-required='false'    \/>\n                                <\/span><input type='hidden' class='gform_hidden' name='input_3.6' id='input_6_3_6' value='' \/>\n                    <div class='gf_clear gf_clear_complex'><\/div>\n                <\/div><\/fieldset><div id=\"field_6_4\" class=\"gfield gfield--type-phone gfield--input-type-phone gfield_contains_required field_sublabel_above gfield--no-description field_description_above field_validation_below gfield_visibility_visible\"  ><label class='gfield_label gform-field-label' for='input_6_4'>T\u00e9l\u00e9phone<span class=\"gfield_required\"><span class=\"gfield_required gfield_required_asterisk\">*<\/span><\/span><\/label><div class='ginput_container ginput_container_phone'><input name='input_4' id='input_6_4' type='tel' value='' class='large'   aria-required=\"true\" aria-invalid=\"false\"   \/><\/div><\/div><div id=\"field_6_5\" class=\"gfield gfield--type-email gfield--input-type-email gfield_contains_required field_sublabel_above gfield--no-description field_description_above field_validation_below gfield_visibility_visible\"  ><label class='gfield_label gform-field-label' for='input_6_5'>E-mail<span class=\"gfield_required\"><span class=\"gfield_required gfield_required_asterisk\">*<\/span><\/span><\/label><div class='ginput_container ginput_container_email'>\n                            <input name='input_5' id='input_6_5' type='email' value='' class='large'    aria-required=\"true\" aria-invalid=\"false\"  \/>\n                        <\/div><\/div><div id=\"field_6_6\" class=\"gfield gfield--type-textarea gfield--input-type-textarea field_sublabel_above gfield--no-description field_description_above field_validation_below gfield_visibility_visible\"  ><label class='gfield_label gform-field-label' for='input_6_6'>Remarques<\/label><div class='ginput_container ginput_container_textarea'><textarea name='input_6' id='input_6_6' class='textarea large'      aria-invalid=\"false\"   rows='10' cols='50'><\/textarea><\/div><\/div><div id=\"field_6_7\" class=\"gfield gfield--type-captcha gfield--input-type-captcha field_sublabel_above gfield--no-description field_description_above field_validation_below gfield_visibility_visible\"  ><label class='gfield_label gform-field-label' for='input_6_7'>CAPTCHA<\/label><div id='input_6_7' class='ginput_container ginput_recaptcha' data-sitekey='6Lf_g14sAAAAAE6FcBSynLQtpPDKqMNAZXLRsa5M'  data-theme='light' data-tabindex='0'  data-badge=''><\/div><\/div><\/div><\/div>\n        <div class='gform-footer gform_footer top_label'> <input type='submit' id='gform_submit_button_6' class='gform_button button' onclick='gform.submission.handleButtonClick(this);' data-submission-type='submit' value='Envoyer'  \/> \n            <input type='hidden' class='gform_hidden' name='gform_submission_method' data-js='gform_submission_method_6' value='postback' \/>\n            <input type='hidden' class='gform_hidden' name='gform_theme' data-js='gform_theme_6' id='gform_theme_6' value='gravity-theme' \/>\n            <input type='hidden' class='gform_hidden' name='gform_style_settings' data-js='gform_style_settings_6' id='gform_style_settings_6' value='[]' \/>\n            <input type='hidden' class='gform_hidden' name='is_submit_6' value='1' \/>\n            <input type='hidden' class='gform_hidden' name='gform_submit' value='6' \/>\n            \n            <input type='hidden' class='gform_hidden' name='gform_currency' data-currency='CAD' value='KXmCyXYvCXXsEynWvEY\/L9diXEex4oOBAfCZtXXGYAPuD+eUsnUAeXSosKRvhR3PoHH4Nlw519uF2g\/SOlgCvUcLuV3P5qcGn3T1l0\/2J3NRqlg=' \/>\n            <input type='hidden' class='gform_hidden' name='gform_unique_id' value='' \/>\n            <input type='hidden' class='gform_hidden' name='state_6' value='WyJbXSIsIjZmMTM5YTMxY2U4YzU0MWM5NGUzNDYwNDM1ZDlhNGQ1Il0=' \/>\n            <input type='hidden' autocomplete='off' class='gform_hidden' name='gform_target_page_number_6' id='gform_target_page_number_6' value='0' \/>\n            <input type='hidden' autocomplete='off' class='gform_hidden' name='gform_source_page_number_6' id='gform_source_page_number_6' value='1' \/>\n            <input type='hidden' name='gform_field_values' value='' \/>\n            \n        <\/div>\n                        <\/form>\n                        <\/div><script type=\"text\/javascript\">\n\/* <![CDATA[ *\/\n gform.initializeOnLoaded( function() {gformInitSpinner( 6, 'https:\/\/behlen.ca\/wp-content\/plugins\/gravityforms\/images\/spinner.svg', true );jQuery('#gform_ajax_frame_6').on('load',function(){var contents = jQuery(this).contents().find('*').html();var is_postback = contents.indexOf('GF_AJAX_POSTBACK') >= 0;if(!is_postback){return;}var form_content = jQuery(this).contents().find('#gform_wrapper_6');var is_confirmation = jQuery(this).contents().find('#gform_confirmation_wrapper_6').length > 0;var is_redirect = contents.indexOf('gformRedirect(){') >= 0;var is_form = form_content.length > 0 && ! is_redirect && ! is_confirmation;var mt = parseInt(jQuery('html').css('margin-top'), 10) + parseInt(jQuery('body').css('margin-top'), 10) + 100;if(is_form){jQuery('#gform_wrapper_6').html(form_content.html());if(form_content.hasClass('gform_validation_error')){jQuery('#gform_wrapper_6').addClass('gform_validation_error');} else {jQuery('#gform_wrapper_6').removeClass('gform_validation_error');}setTimeout( function() { \/* delay the scroll by 50 milliseconds to fix a bug in chrome *\/  }, 50 );if(window['gformInitDatepicker']) {gformInitDatepicker();}if(window['gformInitPriceFields']) {gformInitPriceFields();}var current_page = jQuery('#gform_source_page_number_6').val();gformInitSpinner( 6, 'https:\/\/behlen.ca\/wp-content\/plugins\/gravityforms\/images\/spinner.svg', true );jQuery(document).trigger('gform_page_loaded', [6, current_page]);window['gf_submitting_6'] = false;}else if(!is_redirect){var confirmation_content = jQuery(this).contents().find('.GF_AJAX_POSTBACK').html();if(!confirmation_content){confirmation_content = contents;}jQuery('#gform_wrapper_6').replaceWith(confirmation_content);jQuery(document).trigger('gform_confirmation_loaded', [6]);window['gf_submitting_6'] = false;wp.a11y.speak(jQuery('#gform_confirmation_message_6').text());}else{jQuery('#gform_6').append(contents);if(window['gformRedirect']) {gformRedirect();}}jQuery(document).trigger(\"gform_pre_post_render\", [{ formId: \"6\", currentPage: \"current_page\", abort: function() { this.preventDefault(); } }]);        if (event && event.defaultPrevented) {                return;        }        const gformWrapperDiv = document.getElementById( \"gform_wrapper_6\" );        if ( gformWrapperDiv ) {            const visibilitySpan = document.createElement( \"span\" );            visibilitySpan.id = \"gform_visibility_test_6\";            gformWrapperDiv.insertAdjacentElement( \"afterend\", visibilitySpan );        }        const visibilityTestDiv = document.getElementById( \"gform_visibility_test_6\" );        let postRenderFired = false;        function triggerPostRender() {            if ( postRenderFired ) {                return;            }            postRenderFired = true;            gform.core.triggerPostRenderEvents( 6, current_page );            if ( visibilityTestDiv ) {                visibilityTestDiv.parentNode.removeChild( visibilityTestDiv );            }        }        function debounce( func, wait, immediate ) {            var timeout;            return function() {                var context = this, args = arguments;                var later = function() {                    timeout = null;                    if ( !immediate ) func.apply( context, args );                };                var callNow = immediate && !timeout;                clearTimeout( timeout );                timeout = setTimeout( later, wait );                if ( callNow ) func.apply( context, args );            };        }        const debouncedTriggerPostRender = debounce( function() {            triggerPostRender();        }, 200 );        if ( visibilityTestDiv && visibilityTestDiv.offsetParent === null ) {            const observer = new MutationObserver( ( mutations ) => {                mutations.forEach( ( mutation ) => {                    if ( mutation.type === 'attributes' && visibilityTestDiv.offsetParent !== null ) {                        debouncedTriggerPostRender();                        observer.disconnect();                    }                });            });            observer.observe( document.body, {                attributes: true,                childList: false,                subtree: true,                attributeFilter: [ 'style', 'class' ],            });        } else {            triggerPostRender();        }    } );} ); \n\/* ]]> *\/\n<\/script>\n\n","protected":false},"excerpt":{"rendered":"<p>Bienvenue dans le programme \u00ab Devenez Constructeur \u00bb Vous cherchez \u00e0 rejoindre notre \u00e9quipe ? Rejoignez-nous en tant que constructeur et mettez vos comp\u00e9tences professionnelles en action. Nous sommes constamment \u00e0 la recherche de personnes talentueuses et motiv\u00e9es, pr\u00eates \u00e0 relever des d\u00e9fis et \u00e0 cr\u00e9er des projets exceptionnels. Pourquoi nous choisir ? Nous valorisons [&hellip;]<\/p>\n","protected":false},"author":1,"featured_media":896,"parent":0,"menu_order":0,"comment_status":"closed","ping_status":"closed","template":"template-text.php","meta":{"_acf_changed":false,"content-type":"","footnotes":""},"class_list":["post-65","page","type-page","status-publish","has-post-thumbnail","hentry"],"acf":[],"_links":{"self":[{"href":"https:\/\/behlen.ca\/fr\/wp-json\/wp\/v2\/pages\/65","targetHints":{"allow":["GET"]}}],"collection":[{"href":"https:\/\/behlen.ca\/fr\/wp-json\/wp\/v2\/pages"}],"about":[{"href":"https:\/\/behlen.ca\/fr\/wp-json\/wp\/v2\/types\/page"}],"author":[{"embeddable":true,"href":"https:\/\/behlen.ca\/fr\/wp-json\/wp\/v2\/users\/1"}],"replies":[{"embeddable":true,"href":"https:\/\/behlen.ca\/fr\/wp-json\/wp\/v2\/comments?post=65"}],"version-history":[{"count":4,"href":"https:\/\/behlen.ca\/fr\/wp-json\/wp\/v2\/pages\/65\/revisions"}],"predecessor-version":[{"id":901,"href":"https:\/\/behlen.ca\/fr\/wp-json\/wp\/v2\/pages\/65\/revisions\/901"}],"wp:featuredmedia":[{"embeddable":true,"href":"https:\/\/behlen.ca\/fr\/wp-json\/wp\/v2\/media\/896"}],"wp:attachment":[{"href":"https:\/\/behlen.ca\/fr\/wp-json\/wp\/v2\/media?parent=65"}],"curies":[{"name":"wp","href":"https:\/\/api.w.org\/{rel}","templated":true}]}}